{"id":8097,"date":"2020-11-17T12:19:41","date_gmt":"2020-11-17T11:19:41","guid":{"rendered":"http:\/\/imosver.koompany.xyz\/?page_id=8097"},"modified":"2021-07-29T13:24:31","modified_gmt":"2021-07-29T11:24:31","slug":"aviso-legal","status":"publish","type":"page","link":"https:\/\/www.imosver.com\/blog\/aviso-legal\/","title":{"rendered":"Aviso legal"},"content":{"rendered":"\n<h2>Responsable Legal<\/h2>\n\n\n\n<p>Serlogal 2.0 S.L.<\/p>\n\n\n\n<p>Nif\/Cif: B94062411<\/p>\n\n\n\n<p>Direcci\u00f3n: Pol\u00edgono Industrial A Reigosa, Parcela 47 36827 Ponte Caldelas (PONTEVEDRA)\u00a0<\/p>\n\n\n\n<p>Email de Contacto: info@imosver.com<\/p>\n\n\n\n<p>Tlf: 986 76 10 42<\/p>\n\n\n\n<p>Datos Registrales: \u00a0Registro Mercantil de Pontevedra, Tomo 3791, folio 1, Inscripci\u00f3n 1\u00aa, Hoja PO-53055.<\/p>\n\n\n\n<p>Arbitrajes:Nuestra entidad se encuentra adherida a Confianza Online (Asociaci\u00f3n sin \u00e1nimo de lucro), inscrita en el Registro Nacional de Asociaciones Grupo 1, Secci\u00f3n 1, n\u00famero nacional 594400, CIF G85804011, Calle la Palma 59, Bajo A., 28015 Madrid (Espa\u00f1a), tel\u00e9fono (+34) 91 309 13 47 y fax (+34) 91 402 83 39 (<a href=\"https:\/\/www.confianzaonline.es\/\" target=\"_blank\" rel=\"noreferrer noopener\">www.confianzaonline.es<\/a>).<\/p>\n\n\n\n<p>Estas Condiciones Generales se rigen por la ley espa\u00f1ola. As\u00ed mismo, en cumplimiento de lo dispuesto en la Ley de Resoluci\u00f3n Alternativa de Litigios, informamos a los consumidores que, como entidad adherida y en los t\u00e9rminos del C\u00f3digo \u00c9tico, los usuarios podr\u00e1n acudir a Confianza Online para la resoluci\u00f3n alternativa de eventuales controversias (<a href=\"https:\/\/www.confianzaonline.es\/consumidores\/como-reclamar\/formulario-reclamaciones\/\" target=\"_blank\" rel=\"noreferrer noopener\">https:\/\/www.confianzaonline.es\/consumidores\/como-reclamar\/formulario-reclamaciones\/<\/a>). Si \u00e9stas se refieren a transacciones electr\u00f3nicas con consumidores, o sobre protecci\u00f3n de datos cuando est\u00e9n relacionadas con este \u00e1mbito, las reclamaciones ser\u00e1n resueltas por el Comit\u00e9 de Mediaci\u00f3n de Confianza Online, acreditado para la resoluci\u00f3n alternativa de litigios en materia de consumo. Si las reclamaciones versan sobre publicidad digital, o sobre protecci\u00f3n de datos relacionada con este \u00e1mbito, ser\u00e1n sometidas al Jurado de la Publicidad de AUTOCONTROL.<\/p>\n\n\n\n<p>Adem\u00e1s te recordamos que puedes acceder a la plataforma de resoluci\u00f3n de litigios en l\u00ednea de la Uni\u00f3n Europea siguiendo este enlace: <a href=\"https:\/\/ec.europa.eu\/consumers\/odr\/main\/?event=main.home2.show\" target=\"_blank\" rel=\"noreferrer noopener\">https:\/\/ec.europa.eu\/consumers\/odr\/main\/?event=main.home2.show<\/a>.<\/p>\n\n\n\n<h2>Condiciones de Uso<\/h2>\n\n\n\n<p>Las presentes condiciones legales regulan el uso permitido de esta p\u00e1gina web que SERLOGAL 2.0 SL, en adelante, (IMOSVER.COM) pone a disposici\u00f3n de los usuarios de Internet. Si no est\u00e1 conforme con estas condiciones legales debe abandonar esta p\u00e1gina web.<\/p>\n\n\n\n<p>El Usuario se obliga a usar la web, los servicios y sus contenidos de forma diligente, correcta y l\u00edcita y en particular, deber\u00e1 abstenerse de:<\/p>\n\n\n\n<ul><li>Suprimir, eludir o manipular el \u201ccopyright\u201d y dem\u00e1s datos identificativos de los derechos de sus titulares incorporados a los contenidos, as\u00ed como los dispositivos t\u00e9cnicos de protecci\u00f3n, o cualesquiera mecanismos de informaci\u00f3n que pudieren contener los contenidos.<\/li><li>Introducir programas, virus, macros o cualquier otro dispositivo l\u00f3gico o secuencia de caracteres que causen o sean susceptibles de causar cualquier tipo de alteraci\u00f3n en la p\u00e1gina web o los sistemas inform\u00e1ticos que la soportan.<\/li><li>Usar o instalar programas o dispositivos capaces de invalidar los controles o contrase\u00f1as de seguridad, establecidos por IMOSVER.COM, estando igualmente prohibido descifrar las claves, sistemas o algoritmos de cifrado o cualquier otro elemento de seguridad de la p\u00e1gina web o cualquiera de sus usuarios.<\/li><li>Realizar copia o captura de pantallas de la p\u00e1gina web, sin autorizaci\u00f3n expresa de IMOSVER.COM.<\/li><li>Efectuar copias o versiones de la p\u00e1gina web o su c\u00f3digo fuente, sin el consentimiento expreso de IMOSVER.COM.<\/li><li>Realizar cualquier tipo de comportamiento contrario a la Ley o la buena fe.<\/li><\/ul>\n\n\n\n<h2>Exclusi\u00f3n de Responsabilidad<\/h2>\n\n\n\n<p>IMOSVER.COM, no se hace responsable de las p\u00e9rdidas o perjuicios que pueda ocasionar al usuario por virus, indisponibilidad o cualquier otro comportamiento an\u00f3malo de la p\u00e1gina web. IMOSVER.COM, ha adoptado todas las medidas de seguridad a su alcance y seg\u00fan el estado actual de la t\u00e9cnica, para garantizar el correcto funcionamiento de la web y evitar la generaci\u00f3n de cualquier tipo de da\u00f1o al usuario.<\/p>\n\n\n\n<p>IMOSVER.COM, no se hace responsable de los comentarios u opiniones vertidas por los usuarios. Si detecta alg\u00fan contenido inapropiado o que infrinja la Ley o derechos de terceros, puede comunicarlo a nuestra direcci\u00f3n de email.<\/p>\n\n\n\n<h2>Enlaces<\/h2>\n\n\n\n<p>IMOSVER.COM declina cualquier responsabilidad por los servicios y\/o informaci\u00f3n que se preste en otras p\u00e1ginas enlazadas con esta Web. IMOSVER.COM no controla ni ejerce ning\u00fan tipo de supervisi\u00f3n sobre las p\u00e1ginas enlazadas. Los usuarios que utilicen estos enlaces deber\u00e1n consultar las condiciones legales expuestas en las p\u00e1ginas de destino.<\/p>\n\n\n\n<h2>Propiedad Intelectual<\/h2>\n\n\n\n<p>Los textos, im\u00e1genes, logos, signos distintivos, sonidos, animaciones, v\u00eddeos, c\u00f3digo fuente y resto de contenidos incluidos en esta web son propiedad de IMOSVER.COM, o dispone en su caso, del permiso para su uso y\/o explotaci\u00f3n.<\/p>\n\n\n\n<p>Los usuarios de esta p\u00e1gina web podr\u00e1n llevar a cabo la reproducci\u00f3n o almacenamiento de los contenidos almacenados en esta p\u00e1gina para su exclusivo uso personal o las finalidades autorizadas en las condiciones legales de contrataci\u00f3n de nuestros productos y servicios. Cualquier otra transmisi\u00f3n, distribuci\u00f3n, reproducci\u00f3n o almacenamiento, total o parcial, de los contenidos almacenados en esta web, queda expresamente prohibida salvo previo y expreso consentimiento de IMOSVER.COM.<\/p>\n\n\n\n<h2>Legislaci\u00f3n y Jurisdicci\u00f3n<\/h2>\n\n\n\n<p>Estas Condiciones Generales se rigen por la ley espa\u00f1ola. As\u00ed mismo, en cumplimiento de lo dispuesto en la Ley de Resoluci\u00f3n Alternativa de Litigios, informamos a los consumidores que, como entidad adherida y en los t\u00e9rminos del C\u00f3digo \u00c9tico, los usuarios podr\u00e1n acudir a Confianza Online para la resoluci\u00f3n alternativa de eventuales controversias (https:\/\/www.confianzaonline.es\/consumidores\/como-reclamar\/formularioreclamaciones\/). Si \u00e9stas se refieren a transacciones electr\u00f3nicas con consumidores, o sobre protecci\u00f3n de datos cuando est\u00e9n relacionadas con este \u00e1mbito, las reclamaciones ser\u00e1n resueltas por el Comit\u00e9 de Mediaci\u00f3n de Confianza Online, acreditado para la resoluci\u00f3n alternativa de litigios en materia de consumo. Si las reclamaciones versan sobre publicidad digital, o sobre protecci\u00f3n de datos relacionada con este \u00e1mbito, ser\u00e1n sometidas al Jurado de la Publicidad de AUTOCONTROL.<\/p>\n\n\n\n<p>Adem\u00e1s te recordamos que puedes acceder a la plataforma de resoluci\u00f3n de litigios en l\u00ednea de la Uni\u00f3n Europea siguiendo este enlace: <a href=\"https:\/\/ec.europa.eu\/consumers\/odr\/main\/?event=main.home2.show\" target=\"_blank\" rel=\"noreferrer noopener\">https:\/\/ec.europa.eu\/consumers\/odr\/main\/?event=main.home2.show.<\/a><\/p>\n\n\n\n<h2>Versi\u00f3n<\/h2>\n\n\n\n<p>Este Aviso Legal es de fecha 04\/12\/2019 y cualquier modificaci\u00f3n de sus t\u00e9rminos ser\u00e1 publicada en la p\u00e1gina web&#8230;<\/p>\n","protected":false},"excerpt":{"rendered":"<p>Responsable Legal Serlogal 2.0 S.L. Nif\/Cif: B94062411 Direcci\u00f3n: Pol\u00edgono Industrial A Reigosa, Parcela 47 36827 Ponte Caldelas (PONTEVEDRA)\u00a0 Email de Contacto: info@imosver.com Tlf: 986 76 10 42 Datos Registrales: \u00a0Registro Mercantil de Pontevedra, Tomo 3791, folio 1, Inscripci\u00f3n 1\u00aa, Hoja PO-53055. Arbitrajes:Nuestra entidad se encuentra adherida a Confianza Online (Asociaci\u00f3n sin \u00e1nimo de lucro), inscrita [&hellip;]<\/p>\n","protected":false},"author":6,"featured_media":0,"parent":0,"menu_order":0,"comment_status":"closed","ping_status":"closed","template":"","meta":{"tdm_status":"","tdm_grid_status":""},"yoast_head":"<!-- This site is optimized with the Yoast SEO plugin v17.2 - https:\/\/yoast.com\/wordpress\/plugins\/seo\/ -->\n<meta name=\"robots\" content=\"index, follow, max-snippet:-1, max-image-preview:large, max-video-preview:-1\" \/>\n<link rel=\"canonical\" href=\"https:\/\/www.imosver.com\/blog\/aviso-legal\/\" \/>\n<meta property=\"og:locale\" content=\"es_ES\" \/>\n<meta property=\"og:type\" content=\"article\" \/>\n<meta property=\"og:title\" content=\"Aviso legal - Blog imosver\" \/>\n<meta property=\"og:description\" content=\"Responsable Legal Serlogal 2.0 S.L. Nif\/Cif: B94062411 Direcci\u00f3n: Pol\u00edgono Industrial A Reigosa, Parcela 47 36827 Ponte Caldelas (PONTEVEDRA)\u00a0 Email de Contacto: info@imosver.com Tlf: 986 76 10 42 Datos Registrales: \u00a0Registro Mercantil de Pontevedra, Tomo 3791, folio 1, Inscripci\u00f3n 1\u00aa, Hoja PO-53055. Arbitrajes:Nuestra entidad se encuentra adherida a Confianza Online (Asociaci\u00f3n sin \u00e1nimo de lucro), inscrita [&hellip;]\" \/>\n<meta property=\"og:url\" content=\"https:\/\/www.imosver.com\/blog\/aviso-legal\/\" \/>\n<meta property=\"og:site_name\" content=\"Blog imosver\" \/>\n<meta property=\"article:publisher\" content=\"https:\/\/www.facebook.com\/imosver\" \/>\n<meta property=\"article:modified_time\" content=\"2021-07-29T11:24:31+00:00\" \/>\n<meta name=\"twitter:card\" content=\"summary_large_image\" \/>\n<meta name=\"twitter:site\" content=\"@Imosver\" \/>\n<meta name=\"twitter:label1\" content=\"Tiempo de lectura\" \/>\n\t<meta name=\"twitter:data1\" content=\"4 minutos\" \/>\n<script type=\"application\/ld+json\" class=\"yoast-schema-graph\">{\"@context\":\"https:\/\/schema.org\",\"@graph\":[{\"@type\":\"Organization\",\"@id\":\"https:\/\/www.imosver.com\/blog\/#organization\",\"name\":\"Imosver\",\"url\":\"https:\/\/www.imosver.com\/blog\/\",\"sameAs\":[\"https:\/\/www.facebook.com\/imosver\",\"https:\/\/www.instagram.com\/imosver\/\",\"https:\/\/www.linkedin.com\/company\/3086458\/admin\/\",\"https:\/\/www.pinterest.es\/imosver\/\",\"https:\/\/twitter.com\/Imosver\"],\"logo\":{\"@type\":\"ImageObject\",\"@id\":\"https:\/\/www.imosver.com\/blog\/#logo\",\"inLanguage\":\"es\",\"url\":\"https:\/\/www.imosver.com\/blog\/wp-content\/uploads\/2026\/01\/logo.png\",\"contentUrl\":\"https:\/\/www.imosver.com\/blog\/wp-content\/uploads\/2026\/01\/logo.png\",\"width\":523,\"height\":120,\"caption\":\"Imosver\"},\"image\":{\"@id\":\"https:\/\/www.imosver.com\/blog\/#logo\"}},{\"@type\":\"WebSite\",\"@id\":\"https:\/\/www.imosver.com\/blog\/#website\",\"url\":\"https:\/\/www.imosver.com\/blog\/\",\"name\":\"Blog imosver\",\"description\":\"Blog Imosver\",\"publisher\":{\"@id\":\"https:\/\/www.imosver.com\/blog\/#organization\"},\"potentialAction\":[{\"@type\":\"SearchAction\",\"target\":{\"@type\":\"EntryPoint\",\"urlTemplate\":\"https:\/\/www.imosver.com\/blog\/?s={search_term_string}\"},\"query-input\":\"required name=search_term_string\"}],\"inLanguage\":\"es\"},{\"@type\":\"WebPage\",\"@id\":\"https:\/\/www.imosver.com\/blog\/aviso-legal\/#webpage\",\"url\":\"https:\/\/www.imosver.com\/blog\/aviso-legal\/\",\"name\":\"Aviso legal - Blog imosver\",\"isPartOf\":{\"@id\":\"https:\/\/www.imosver.com\/blog\/#website\"},\"datePublished\":\"2020-11-17T11:19:41+00:00\",\"dateModified\":\"2021-07-29T11:24:31+00:00\",\"breadcrumb\":{\"@id\":\"https:\/\/www.imosver.com\/blog\/aviso-legal\/#breadcrumb\"},\"inLanguage\":\"es\",\"potentialAction\":[{\"@type\":\"ReadAction\",\"target\":[\"https:\/\/www.imosver.com\/blog\/aviso-legal\/\"]}]},{\"@type\":\"BreadcrumbList\",\"@id\":\"https:\/\/www.imosver.com\/blog\/aviso-legal\/#breadcrumb\",\"itemListElement\":[{\"@type\":\"ListItem\",\"position\":1,\"name\":\"Portada\",\"item\":\"https:\/\/www.imosver.com\/blog\/\"},{\"@type\":\"ListItem\",\"position\":2,\"name\":\"Aviso legal\"}]}]}<\/script>\n<!-- \/ Yoast SEO plugin. -->","yoast_head_json":{"robots":{"index":"index","follow":"follow","max-snippet":"max-snippet:-1","max-image-preview":"max-image-preview:large","max-video-preview":"max-video-preview:-1"},"canonical":"https:\/\/www.imosver.com\/blog\/aviso-legal\/","og_locale":"es_ES","og_type":"article","og_title":"Aviso legal - Blog imosver","og_description":"Responsable Legal Serlogal 2.0 S.L. Nif\/Cif: B94062411 Direcci\u00f3n: Pol\u00edgono Industrial A Reigosa, Parcela 47 36827 Ponte Caldelas (PONTEVEDRA)\u00a0 Email de Contacto: info@imosver.com Tlf: 986 76 10 42 Datos Registrales: \u00a0Registro Mercantil de Pontevedra, Tomo 3791, folio 1, Inscripci\u00f3n 1\u00aa, Hoja PO-53055. Arbitrajes:Nuestra entidad se encuentra adherida a Confianza Online (Asociaci\u00f3n sin \u00e1nimo de lucro), inscrita [&hellip;]","og_url":"https:\/\/www.imosver.com\/blog\/aviso-legal\/","og_site_name":"Blog imosver","article_publisher":"https:\/\/www.facebook.com\/imosver","article_modified_time":"2021-07-29T11:24:31+00:00","twitter_card":"summary_large_image","twitter_site":"@Imosver","twitter_misc":{"Tiempo de lectura":"4 minutos"},"schema":{"@context":"https:\/\/schema.org","@graph":[{"@type":"Organization","@id":"https:\/\/www.imosver.com\/blog\/#organization","name":"Imosver","url":"https:\/\/www.imosver.com\/blog\/","sameAs":["https:\/\/www.facebook.com\/imosver","https:\/\/www.instagram.com\/imosver\/","https:\/\/www.linkedin.com\/company\/3086458\/admin\/","https:\/\/www.pinterest.es\/imosver\/","https:\/\/twitter.com\/Imosver"],"logo":{"@type":"ImageObject","@id":"https:\/\/www.imosver.com\/blog\/#logo","inLanguage":"es","url":"https:\/\/www.imosver.com\/blog\/wp-content\/uploads\/2026\/01\/logo.png","contentUrl":"https:\/\/www.imosver.com\/blog\/wp-content\/uploads\/2026\/01\/logo.png","width":523,"height":120,"caption":"Imosver"},"image":{"@id":"https:\/\/www.imosver.com\/blog\/#logo"}},{"@type":"WebSite","@id":"https:\/\/www.imosver.com\/blog\/#website","url":"https:\/\/www.imosver.com\/blog\/","name":"Blog imosver","description":"Blog Imosver","publisher":{"@id":"https:\/\/www.imosver.com\/blog\/#organization"},"potentialAction":[{"@type":"SearchAction","target":{"@type":"EntryPoint","urlTemplate":"https:\/\/www.imosver.com\/blog\/?s={search_term_string}"},"query-input":"required name=search_term_string"}],"inLanguage":"es"},{"@type":"WebPage","@id":"https:\/\/www.imosver.com\/blog\/aviso-legal\/#webpage","url":"https:\/\/www.imosver.com\/blog\/aviso-legal\/","name":"Aviso legal - Blog imosver","isPartOf":{"@id":"https:\/\/www.imosver.com\/blog\/#website"},"datePublished":"2020-11-17T11:19:41+00:00","dateModified":"2021-07-29T11:24:31+00:00","breadcrumb":{"@id":"https:\/\/www.imosver.com\/blog\/aviso-legal\/#breadcrumb"},"inLanguage":"es","potentialAction":[{"@type":"ReadAction","target":["https:\/\/www.imosver.com\/blog\/aviso-legal\/"]}]},{"@type":"BreadcrumbList","@id":"https:\/\/www.imosver.com\/blog\/aviso-legal\/#breadcrumb","itemListElement":[{"@type":"ListItem","position":1,"name":"Portada","item":"https:\/\/www.imosver.com\/blog\/"},{"@type":"ListItem","position":2,"name":"Aviso legal"}]}]}},"_links":{"self":[{"href":"https:\/\/www.imosver.com\/blog\/wp-json\/wp\/v2\/pages\/8097"}],"collection":[{"href":"https:\/\/www.imosver.com\/blog\/wp-json\/wp\/v2\/pages"}],"about":[{"href":"https:\/\/www.imosver.com\/blog\/wp-json\/wp\/v2\/types\/page"}],"author":[{"embeddable":true,"href":"https:\/\/www.imosver.com\/blog\/wp-json\/wp\/v2\/users\/6"}],"replies":[{"embeddable":true,"href":"https:\/\/www.imosver.com\/blog\/wp-json\/wp\/v2\/comments?post=8097"}],"version-history":[{"count":2,"href":"https:\/\/www.imosver.com\/blog\/wp-json\/wp\/v2\/pages\/8097\/revisions"}],"predecessor-version":[{"id":9092,"href":"https:\/\/www.imosver.com\/blog\/wp-json\/wp\/v2\/pages\/8097\/revisions\/9092"}],"wp:attachment":[{"href":"https:\/\/www.imosver.com\/blog\/wp-json\/wp\/v2\/media?parent=8097"}],"curies":[{"name":"wp","href":"https:\/\/api.w.org\/{rel}","templated":true}]}}