{"id":8099,"date":"2020-11-17T12:20:32","date_gmt":"2020-11-17T11:20:32","guid":{"rendered":"http:\/\/imosver.koompany.xyz\/?page_id=8099"},"modified":"2021-07-29T13:35:25","modified_gmt":"2021-07-29T11:35:25","slug":"politica-de-privacidad","status":"publish","type":"page","link":"https:\/\/www.imosver.com\/blog\/politica-de-privacidad\/","title":{"rendered":"Pol\u00edtica de privacidad ampliada"},"content":{"rendered":"\n<h2>Responsable del tratamiento<\/h2>\n\n\n\n<p>SERLOGAL 2.0 SL, en adelante IMOSVER.COM, con domicilio de contacto sito en Poligono Industrial A Reigosa, Parcela 47 36827 Ponte Caldelas (PONTEVEDRA), y tel\u00e9fono 986 76 10 42, es el responsable de los tratamientos que se efectuar\u00e1n sobre los datos personales recogidos desde esta p\u00e1gina web.<\/p>\n\n\n\n<p>Es posible ponerse en contacto con el Delegado de Protecci\u00f3n de Datos del responsable del tratamiento a trav\u00e9s de la siguiente direcci\u00f3n de correo electr\u00f3nico:<\/p>\n\n\n\n<figure class=\"wp-block-image\"><img src=\"http:\/\/static.serlogal.com\/botones\/boton-protecciondatos_serlogal.png\" alt=\"direccion email contacto proteccion de datos\"\/><\/figure>\n\n\n\n<h2>Recogida de Datos<\/h2>\n\n\n\n<p>IMOSVER.COM \u00fanicamente recoge los datos de car\u00e1cter personal que nos proporcione a trav\u00e9s de los formularios incluidos en la p\u00e1gina web y nuestras direcciones de correo electr\u00f3nico.<\/p>\n\n\n\n<h2>Usos y Finalidades de los Datos Recogidos<\/h2>\n\n\n\n<p>En www.imosver.com se recogen los datos de car\u00e1cter personal con las finalidades que se detallan a continuaci\u00f3n, si no est\u00e1 conforme con alguna de ellas puede comunicarlo a la direcci\u00f3n de email de contacto. Los usos y finalidades previstos son:<\/p>\n\n\n\n<p><strong>Registro y Gesti\u00f3n de Usuarios<\/strong><br>La informaci\u00f3n que nos proporcione en el formulario de registro, se utilizar\u00e1 para la gesti\u00f3n de los usuarios de la p\u00e1gina web.<\/p>\n\n\n\n<p><strong>Gesti\u00f3n de Pedidos<\/strong><br>Cuando adquiere un producto en nuestra tienda online, los datos que nos facilite ser\u00e1n utilizados para tramitar, enviar y facturar los pedidos realizados.<\/p>\n\n\n\n<p><strong>Publicaci\u00f3n de Comentarios<\/strong><br>La informaci\u00f3n que nos proporcione a trav\u00e9s de los formularios, se utilizar\u00e1 para la gesti\u00f3n de los usuarios y publicaci\u00f3n de comentarios en nuestro blog.<\/p>\n\n\n\n<p><strong>Env\u00edo de informaci\u00f3n<\/strong><br>Los datos que nos facilite en los correos o formularios de contacto o a trav\u00e9s de nuestro sistema de pedidos ser\u00e1n empleados con la finalidad de remitirle por correo electr\u00f3nico informaci\u00f3n comercial sobre los productos, ofertas y promociones de IMOSVER.COM, si no desea recibir este tipo de informaci\u00f3n podr\u00e1 comunicarlo a trav\u00e9s de la direcci\u00f3n de correo electr\u00f3nico de contacto.<\/p>\n\n\n\n<p><strong>Participaci\u00f3n en concursos.<\/strong><br>Los datos que nos facilite para la participaci\u00f3n en concursos, ya sea en la web o en redes sociales, se utilizar\u00e1n para la realizaci\u00f3n del concurso y la posterior notificaci\u00f3n al ganador.<\/p>\n\n\n\n<p><strong>M\u00e9todos de recogida de datos<\/strong><br>Los datos antes mencionados se recogen mediante formularios y cookies.<br>Puede consultar informaci\u00f3n detallada de las cookies en nuestra p\u00e1gina de <a href=\"https:\/\/www.imosver.com\/es\/paginaParrafos.php?codigo=46\" target=\"_blank\" rel=\"noreferrer noopener\">\u201cPol\u00edtica de Cookies\u201d<\/a> que se puede consultar en <a href=\"https:\/\/www.imosver.com\/es\/paginaParrafos.php?codigo=46\" target=\"_blank\" rel=\"noreferrer noopener\">https:\/\/www.imosver.com\/es\/paginaParrafos.php?codigo=46<\/a><\/p>\n\n\n\n<h2>Comunicaci\u00f3n de Datos a Terceros<\/h2>\n\n\n\n<p>IMOSVER.COM, tiene previsto la comunicaci\u00f3n de sus datos personales a terceros en los supuestos que se detallan a continuaci\u00f3n, si no est\u00e1 conforme con alguna de estas cesiones puede comunicarlo a la direcci\u00f3n de email de contacto. Las comunicaciones previstas son:<\/p>\n\n\n\n<p><br><strong>Comunicaciones establecidas en la Ley<\/strong><br>Sus datos ser\u00e1n comunicados a terceros en los supuestos en los que una norma legal as\u00ed lo establezca (administraciones p\u00fablicas, autoridades administrativas o judiciales \u2026etc).<\/p>\n\n\n\n<p><strong>Gesti\u00f3n de Pagos<\/strong><br>Sus datos personales ser\u00e1n comunicados a terceros cuando resulte necesario para el pago de los productos o servicios adquiridos (entidades bancarias y\/o financieras propietarias de los medios de pago utilizados).<\/p>\n\n\n\n<p><strong>Mensajer\u00eda y Log\u00edstica<\/strong><br>Se comunicar\u00e1n a las empresas de mensajer\u00eda o log\u00edstica con las que trabajemos, los datos de car\u00e1cter personal que resulten necesarios para remitirle los productos adquiridos.<\/p>\n\n\n\n<h2>Ejercicio de Derechos<\/h2>\n\n\n\n<p>El tratamiento en general incluye la conservaci\u00f3n de los datos, la comunicaci\u00f3n a los departamentos apropiados de cada empresa e incluso la comunicaci\u00f3n de los datos entre las distintas empresas del grupo.<\/p>\n\n\n\n<p>Las bases jur\u00eddicas del tratamiento son el consentimiento expreso proporcionado por el interesado, el inter\u00e9s leg\u00edtimo del responsable y la ejecuci\u00f3n de una relaci\u00f3n contractual. Es necesario que el interesado proporcione los datos para poder prestar los servicios encomendados.En caso de no facilitarse dichos datos, el responsable del tratamiento no podr\u00e1 llevar a cabo dichos servicios.<\/p>\n\n\n\n<p>Los datos personales ser\u00e1n conservados durante el plazo de conservaci\u00f3n legalmente obligatorio y un periodo adicional de cuatro a\u00f1os.<\/p>\n\n\n\n<p>El interesado tiene la posibilidad de solicitar al responsable el acceso a sus datos personales, su rectificaci\u00f3n, su supresi\u00f3n, la limitaci\u00f3n de su tratamiento, oponerse a dicho tratamiento o ejercer la portabilidad de los datos que sean tratados de forma automatizada.<\/p>\n\n\n\n<p>Para ejercitar sus derechos debe adjuntar copia del documento oficial que le identifique (DNI, carnet de conducir o pasaporte) a la direcci\u00f3n de correo electr\u00f3nico de contacto.<\/p>\n\n\n\n<p>En caso de conflicto, el interesado puede acudir a la Agencia Espa\u00f1ola de Protecci\u00f3n de Datos o a cualquier otra autoridad de control competente para entender de sus reclamaciones.<\/p>\n\n\n\n<p>El interesado puede retirar su consentimiento en cualquier momento, sin que eso afecte a la licitud de los tratamientos basados en el consentimiento previo a su retirada.<\/p>\n\n\n\n<p>Los datos del interesado no ser\u00e1n usados para decisiones individuales automatizadas.<\/p>\n","protected":false},"excerpt":{"rendered":"<p>Responsable del tratamiento SERLOGAL 2.0 SL, en adelante IMOSVER.COM, con domicilio de contacto sito en Poligono Industrial A Reigosa, Parcela 47 36827 Ponte Caldelas (PONTEVEDRA), y tel\u00e9fono 986 76 10 42, es el responsable de los tratamientos que se efectuar\u00e1n sobre los datos personales recogidos desde esta p\u00e1gina web. Es posible ponerse en contacto con [&hellip;]<\/p>\n","protected":false},"author":6,"featured_media":0,"parent":0,"menu_order":0,"comment_status":"closed","ping_status":"closed","template":"","meta":{"tdm_status":"","tdm_grid_status":""},"yoast_head":"<!-- This site is optimized with the Yoast SEO plugin v17.2 - https:\/\/yoast.com\/wordpress\/plugins\/seo\/ -->\n<meta name=\"robots\" content=\"index, follow, max-snippet:-1, max-image-preview:large, max-video-preview:-1\" \/>\n<link rel=\"canonical\" href=\"https:\/\/www.imosver.com\/blog\/politica-de-privacidad\/\" \/>\n<meta property=\"og:locale\" content=\"es_ES\" \/>\n<meta property=\"og:type\" content=\"article\" \/>\n<meta property=\"og:title\" content=\"Pol\u00edtica de privacidad ampliada - Blog imosver\" \/>\n<meta property=\"og:description\" content=\"Responsable del tratamiento SERLOGAL 2.0 SL, en adelante IMOSVER.COM, con domicilio de contacto sito en Poligono Industrial A Reigosa, Parcela 47 36827 Ponte Caldelas (PONTEVEDRA), y tel\u00e9fono 986 76 10 42, es el responsable de los tratamientos que se efectuar\u00e1n sobre los datos personales recogidos desde esta p\u00e1gina web. Es posible ponerse en contacto con [&hellip;]\" \/>\n<meta property=\"og:url\" content=\"https:\/\/www.imosver.com\/blog\/politica-de-privacidad\/\" \/>\n<meta property=\"og:site_name\" content=\"Blog imosver\" \/>\n<meta property=\"article:publisher\" content=\"https:\/\/www.facebook.com\/imosver\" \/>\n<meta property=\"article:modified_time\" content=\"2021-07-29T11:35:25+00:00\" \/>\n<meta property=\"og:image\" content=\"http:\/\/static.serlogal.com\/botones\/boton-protecciondatos_serlogal.png\" \/>\n<meta name=\"twitter:card\" content=\"summary_large_image\" \/>\n<meta name=\"twitter:site\" content=\"@Imosver\" \/>\n<meta name=\"twitter:label1\" content=\"Tiempo de lectura\" \/>\n\t<meta name=\"twitter:data1\" content=\"4 minutos\" \/>\n<script type=\"application\/ld+json\" class=\"yoast-schema-graph\">{\"@context\":\"https:\/\/schema.org\",\"@graph\":[{\"@type\":\"Organization\",\"@id\":\"https:\/\/www.imosver.com\/blog\/#organization\",\"name\":\"Imosver\",\"url\":\"https:\/\/www.imosver.com\/blog\/\",\"sameAs\":[\"https:\/\/www.facebook.com\/imosver\",\"https:\/\/www.instagram.com\/imosver\/\",\"https:\/\/www.linkedin.com\/company\/3086458\/admin\/\",\"https:\/\/www.pinterest.es\/imosver\/\",\"https:\/\/twitter.com\/Imosver\"],\"logo\":{\"@type\":\"ImageObject\",\"@id\":\"https:\/\/www.imosver.com\/blog\/#logo\",\"inLanguage\":\"es\",\"url\":\"https:\/\/www.imosver.com\/blog\/wp-content\/uploads\/2026\/01\/logo.png\",\"contentUrl\":\"https:\/\/www.imosver.com\/blog\/wp-content\/uploads\/2026\/01\/logo.png\",\"width\":523,\"height\":120,\"caption\":\"Imosver\"},\"image\":{\"@id\":\"https:\/\/www.imosver.com\/blog\/#logo\"}},{\"@type\":\"WebSite\",\"@id\":\"https:\/\/www.imosver.com\/blog\/#website\",\"url\":\"https:\/\/www.imosver.com\/blog\/\",\"name\":\"Blog imosver\",\"description\":\"Blog Imosver\",\"publisher\":{\"@id\":\"https:\/\/www.imosver.com\/blog\/#organization\"},\"potentialAction\":[{\"@type\":\"SearchAction\",\"target\":{\"@type\":\"EntryPoint\",\"urlTemplate\":\"https:\/\/www.imosver.com\/blog\/?s={search_term_string}\"},\"query-input\":\"required name=search_term_string\"}],\"inLanguage\":\"es\"},{\"@type\":\"ImageObject\",\"@id\":\"https:\/\/www.imosver.com\/blog\/politica-de-privacidad\/#primaryimage\",\"inLanguage\":\"es\",\"url\":\"http:\/\/static.serlogal.com\/botones\/boton-protecciondatos_serlogal.png\",\"contentUrl\":\"http:\/\/static.serlogal.com\/botones\/boton-protecciondatos_serlogal.png\"},{\"@type\":\"WebPage\",\"@id\":\"https:\/\/www.imosver.com\/blog\/politica-de-privacidad\/#webpage\",\"url\":\"https:\/\/www.imosver.com\/blog\/politica-de-privacidad\/\",\"name\":\"Pol\\u00edtica de privacidad ampliada - Blog imosver\",\"isPartOf\":{\"@id\":\"https:\/\/www.imosver.com\/blog\/#website\"},\"primaryImageOfPage\":{\"@id\":\"https:\/\/www.imosver.com\/blog\/politica-de-privacidad\/#primaryimage\"},\"datePublished\":\"2020-11-17T11:20:32+00:00\",\"dateModified\":\"2021-07-29T11:35:25+00:00\",\"breadcrumb\":{\"@id\":\"https:\/\/www.imosver.com\/blog\/politica-de-privacidad\/#breadcrumb\"},\"inLanguage\":\"es\",\"potentialAction\":[{\"@type\":\"ReadAction\",\"target\":[\"https:\/\/www.imosver.com\/blog\/politica-de-privacidad\/\"]}]},{\"@type\":\"BreadcrumbList\",\"@id\":\"https:\/\/www.imosver.com\/blog\/politica-de-privacidad\/#breadcrumb\",\"itemListElement\":[{\"@type\":\"ListItem\",\"position\":1,\"name\":\"Portada\",\"item\":\"https:\/\/www.imosver.com\/blog\/\"},{\"@type\":\"ListItem\",\"position\":2,\"name\":\"Pol\\u00edtica de privacidad ampliada\"}]}]}<\/script>\n<!-- \/ Yoast SEO plugin. -->","yoast_head_json":{"robots":{"index":"index","follow":"follow","max-snippet":"max-snippet:-1","max-image-preview":"max-image-preview:large","max-video-preview":"max-video-preview:-1"},"canonical":"https:\/\/www.imosver.com\/blog\/politica-de-privacidad\/","og_locale":"es_ES","og_type":"article","og_title":"Pol\u00edtica de privacidad ampliada - Blog imosver","og_description":"Responsable del tratamiento SERLOGAL 2.0 SL, en adelante IMOSVER.COM, con domicilio de contacto sito en Poligono Industrial A Reigosa, Parcela 47 36827 Ponte Caldelas (PONTEVEDRA), y tel\u00e9fono 986 76 10 42, es el responsable de los tratamientos que se efectuar\u00e1n sobre los datos personales recogidos desde esta p\u00e1gina web. Es posible ponerse en contacto con [&hellip;]","og_url":"https:\/\/www.imosver.com\/blog\/politica-de-privacidad\/","og_site_name":"Blog imosver","article_publisher":"https:\/\/www.facebook.com\/imosver","article_modified_time":"2021-07-29T11:35:25+00:00","og_image":[{"url":"http:\/\/static.serlogal.com\/botones\/boton-protecciondatos_serlogal.png"}],"twitter_card":"summary_large_image","twitter_site":"@Imosver","twitter_misc":{"Tiempo de lectura":"4 minutos"},"schema":{"@context":"https:\/\/schema.org","@graph":[{"@type":"Organization","@id":"https:\/\/www.imosver.com\/blog\/#organization","name":"Imosver","url":"https:\/\/www.imosver.com\/blog\/","sameAs":["https:\/\/www.facebook.com\/imosver","https:\/\/www.instagram.com\/imosver\/","https:\/\/www.linkedin.com\/company\/3086458\/admin\/","https:\/\/www.pinterest.es\/imosver\/","https:\/\/twitter.com\/Imosver"],"logo":{"@type":"ImageObject","@id":"https:\/\/www.imosver.com\/blog\/#logo","inLanguage":"es","url":"https:\/\/www.imosver.com\/blog\/wp-content\/uploads\/2026\/01\/logo.png","contentUrl":"https:\/\/www.imosver.com\/blog\/wp-content\/uploads\/2026\/01\/logo.png","width":523,"height":120,"caption":"Imosver"},"image":{"@id":"https:\/\/www.imosver.com\/blog\/#logo"}},{"@type":"WebSite","@id":"https:\/\/www.imosver.com\/blog\/#website","url":"https:\/\/www.imosver.com\/blog\/","name":"Blog imosver","description":"Blog Imosver","publisher":{"@id":"https:\/\/www.imosver.com\/blog\/#organization"},"potentialAction":[{"@type":"SearchAction","target":{"@type":"EntryPoint","urlTemplate":"https:\/\/www.imosver.com\/blog\/?s={search_term_string}"},"query-input":"required name=search_term_string"}],"inLanguage":"es"},{"@type":"ImageObject","@id":"https:\/\/www.imosver.com\/blog\/politica-de-privacidad\/#primaryimage","inLanguage":"es","url":"http:\/\/static.serlogal.com\/botones\/boton-protecciondatos_serlogal.png","contentUrl":"http:\/\/static.serlogal.com\/botones\/boton-protecciondatos_serlogal.png"},{"@type":"WebPage","@id":"https:\/\/www.imosver.com\/blog\/politica-de-privacidad\/#webpage","url":"https:\/\/www.imosver.com\/blog\/politica-de-privacidad\/","name":"Pol\u00edtica de privacidad ampliada - Blog imosver","isPartOf":{"@id":"https:\/\/www.imosver.com\/blog\/#website"},"primaryImageOfPage":{"@id":"https:\/\/www.imosver.com\/blog\/politica-de-privacidad\/#primaryimage"},"datePublished":"2020-11-17T11:20:32+00:00","dateModified":"2021-07-29T11:35:25+00:00","breadcrumb":{"@id":"https:\/\/www.imosver.com\/blog\/politica-de-privacidad\/#breadcrumb"},"inLanguage":"es","potentialAction":[{"@type":"ReadAction","target":["https:\/\/www.imosver.com\/blog\/politica-de-privacidad\/"]}]},{"@type":"BreadcrumbList","@id":"https:\/\/www.imosver.com\/blog\/politica-de-privacidad\/#breadcrumb","itemListElement":[{"@type":"ListItem","position":1,"name":"Portada","item":"https:\/\/www.imosver.com\/blog\/"},{"@type":"ListItem","position":2,"name":"Pol\u00edtica de privacidad ampliada"}]}]}},"_links":{"self":[{"href":"https:\/\/www.imosver.com\/blog\/wp-json\/wp\/v2\/pages\/8099"}],"collection":[{"href":"https:\/\/www.imosver.com\/blog\/wp-json\/wp\/v2\/pages"}],"about":[{"href":"https:\/\/www.imosver.com\/blog\/wp-json\/wp\/v2\/types\/page"}],"author":[{"embeddable":true,"href":"https:\/\/www.imosver.com\/blog\/wp-json\/wp\/v2\/users\/6"}],"replies":[{"embeddable":true,"href":"https:\/\/www.imosver.com\/blog\/wp-json\/wp\/v2\/comments?post=8099"}],"version-history":[{"count":2,"href":"https:\/\/www.imosver.com\/blog\/wp-json\/wp\/v2\/pages\/8099\/revisions"}],"predecessor-version":[{"id":9096,"href":"https:\/\/www.imosver.com\/blog\/wp-json\/wp\/v2\/pages\/8099\/revisions\/9096"}],"wp:attachment":[{"href":"https:\/\/www.imosver.com\/blog\/wp-json\/wp\/v2\/media?parent=8099"}],"curies":[{"name":"wp","href":"https:\/\/api.w.org\/{rel}","templated":true}]}}