{"id":8101,"date":"2020-11-17T12:20:55","date_gmt":"2020-11-17T11:20:55","guid":{"rendered":"http:\/\/imosver.koompany.xyz\/?page_id=8101"},"modified":"2021-07-29T13:30:33","modified_gmt":"2021-07-29T11:30:33","slug":"politica-de-cookies","status":"publish","type":"page","link":"https:\/\/www.imosver.com\/blog\/politica-de-cookies\/","title":{"rendered":"Pol\u00edtica de cookies"},"content":{"rendered":"\n<h2>\u00bfQue son las Cookies?<\/h2>\n\n\n\n<p>Una cookie es un fichero que se descarga en tu ordenador al acceder a determinadas p\u00e1ginas web. Las cookies permiten a una p\u00e1gina web, entre otras cosas, almacenar y recuperar informaci\u00f3n sobre los h\u00e1bitos de navegaci\u00f3n de un usuario o de su equipo, gestionar el acceso de usuarios a zonas restringidas de la web \u2026etc.<\/p>\n\n\n\n<p><strong>Pol\u00edtica de privacidad<\/strong><\/p>\n\n\n\n<p>Los datos recogidos mediante las cookies se tratar\u00e1n conforme a nuestra <a href=\"https:\/\/www.imosver.com\/es\/paginaParrafos.php?codigo=53\" target=\"_blank\" rel=\"noreferrer noopener\">\u201cPol\u00edtica de privacidad\u201d<\/a> que se puede consultar en <a href=\"https:\/\/www.imosver.com\/es\/paginaParrafos.php?codigo=53\" target=\"_blank\" rel=\"noreferrer noopener\">https:\/\/www.imosver.com\/es\/paginaParrafos.php?codigo=53<\/a><\/p>\n\n\n\n<h2>\u00bfQue tipo de cookies utiliza esta p\u00e1gina web?<\/h2>\n\n\n\n<p><strong>Cookies de An\u00e1lisis<\/strong><\/p>\n\n\n\n<p>Son aqu\u00e9llas que posibilitan el seguimiento y an\u00e1lisis del comportamiento de los usuarios en nuestra p\u00e1gina. La informaci\u00f3n recogida se utiliza para la medici\u00f3n de la actividad de los usuarios en la web y la elaboraci\u00f3n de perfiles de navegaci\u00f3n de los usuarios, con la finalidad de mejorar la web, as\u00ed como los productos y servicios ofertados.<\/p>\n\n\n\n<p><strong>Cookies T\u00e9cnicas<\/strong><\/p>\n\n\n\n<p>Este tipo de cookies permiten al usuario la navegaci\u00f3n a trav\u00e9s de una p\u00e1gina web, plataforma o aplicaci\u00f3n y la utilizaci\u00f3n de las diferentes opciones o servicios que en ella existan como, por ejemplo, controlar el tr\u00e1fico y la comunicaci\u00f3n de datos, identificar la sesi\u00f3n, acceder a partes de acceso restringido, o compartir contenidos a trav\u00e9s de redes sociales.<\/p>\n\n\n\n<p><strong>Cookies de Personalizaci\u00f3n<\/strong><\/p>\n\n\n\n<p>Son aqu\u00e9llas que nos permiten adaptar la navegaci\u00f3n en nuestra p\u00e1gina web a sus preferencias (Ej. Idioma, navegador utilizado, \u2026etc)<\/p>\n\n\n\n<figure class=\"wp-block-table\"><table><tbody><tr><td><strong>Name<\/strong><\/td><td><strong>Propia \/ Terceros<\/strong><\/td><td><strong>Duracion<\/strong><\/td><td><strong>Descripci\u00f3n<\/strong><\/td><td><strong>Propietario<\/strong><\/td><\/tr><tr><td>SESS_ID_CARTEL_COOKIE<\/td><td>Propia<\/td><td>1 semana<\/td><td>Controla el comportamiento del mensaje de cookies.<\/td><td>Imosver<\/td><\/tr><tr><td>ZDEDebuggerPresent<\/td><td>Propia<\/td><td>Sesion<\/td><td>Cookie t\u00e9cnica para Debugging<\/td><td>Imosver<\/td><\/tr><tr><td>PHPSESSID<\/td><td>Propia<\/td><td>Sesion<\/td><td>Cookie de Sesion, desaparece cuando se cierra la web.<\/td><td>Imosver<\/td><\/tr><tr><td>ALLOW_COOKIES<\/td><td>Propia<\/td><td>1 mes<\/td><td>Cookie de personalizaci\u00f3n.<\/td><td>Imosver<\/td><\/tr><tr><td>SESS_ID<\/td><td>Propia<\/td><td>Sesion<\/td><td>Cookie de Sesion.<\/td><td>Imosver<\/td><\/tr><tr><td>__auc<\/td><td>Terceros<\/td><td>2 d\u00edas<\/td><td>Analisis de la experiencia del usuario.<\/td><td>Alexa Analytics<\/td><\/tr><tr><td>__asc<\/td><td>Terceros<\/td><td>Sesion<\/td><td>Almacena informaci\u00f3n acerca de como los usuarios interact\u00faan con la web.<\/td><td>Alexa Analytics<\/td><\/tr><tr><td>fr<\/td><td>Terceros<\/td><td>90 dias<\/td><td>Acceso a Facebook a trav\u00e9s de la p\u00e1gina<\/td><td>Facebook<\/td><\/tr><tr><td>_fbp<\/td><td>Terceros<\/td><td>1 d\u00eda<\/td><td>Productos publicitarios, ofertas en tiempo real de terceros anunciantes<\/td><td>Facebook<\/td><\/tr><tr><td>test_cookie<\/td><td>Terceros<\/td><td>Sesion<\/td><td>Comprobar si el navegador acepta cookies.<\/td><td>Google<\/td><\/tr><tr><td>_gat_UA-32979676-1<\/td><td>Terceros<\/td><td>1 d\u00eda<\/td><td>Analisis de la experiencia del usuario.<\/td><td>Google Analytics<\/td><\/tr><tr><td>_gid<\/td><td>Terceros<\/td><td>24&nbsp;horas<\/td><td>Se usa para distinguir a los usuarios.<\/td><td>Google Analytics<\/td><\/tr><tr><td>_gat<\/td><td>Terceros<\/td><td>1&nbsp;minuto<\/td><td>Se usa para limitar el porcentaje de solicitudes.&nbsp;<\/td><td>Google Analytics<\/td><\/tr><tr><td>_ga<\/td><td>Terceros<\/td><td>2 a\u00f1os<\/td><td>Se usa para distinguir a los usuarios.<\/td><td>Google Analytics<\/td><\/tr><tr><td>SRM_B<\/td><td>Terceros<\/td><td>390 dias<\/td><td>Instalada por Microsoft Bing Ads.<\/td><td>Microsoft<\/td><\/tr><tr><td>ANONCHK<\/td><td>Terceros<\/td><td>10 minutos<\/td><td>Instalada por Microsoft Bing Ads.<\/td><td>Microsoft<\/td><\/tr><tr><td>SM<\/td><td>Terceros<\/td><td>Sesion<\/td><td>Reconoce el dispositivo del usuario entre visitas.<\/td><td>Microsoft<\/td><\/tr><tr><td>MUID<\/td><td>Terceros<\/td><td>1 a\u00f1o y 24 dias<\/td><td>Identificador \u00fanico de Microsoft entre dominios.<\/td><td>Microsoft<\/td><\/tr><tr><td>CLID<\/td><td>Terceros<\/td><td>1 a\u00f1o<\/td><td>Almacena informaci\u00f3n acerca de como los usuarios interact\u00faan con la web.<\/td><td>Microsoft<\/td><\/tr><tr><td>_clck<\/td><td>Terceros<\/td><td>1 a\u00f1o<\/td><td>Almacena informaci\u00f3n acerca de como los usuarios interact\u00faan con la web.<\/td><td>Microsoft<\/td><\/tr><tr><td>2c.cId<\/td><td>Terceros<\/td><td>4 a\u00f1os<\/td><td>Identificar los usuarios entre sus visitas a la web.<\/td><td>Nosto<\/td><\/tr><tr><td>nostojs<\/td><td>Terceros<\/td><td>4 a\u00f1os<\/td><td>Validar que Nosto es tecnicamente capaz de acceder a las cookies en el dispositivo.<\/td><td>Nosto<\/td><\/tr><tr><td>oct8ne-first-enter<\/td><td>Terceros<\/td><td>Sesion<\/td><td>Espec\u00edficas del servicio de chat de Oct8ne.<\/td><td>oct8ne<\/td><\/tr><tr><td>oct8ne-active-tab-id<\/td><td>Terceros<\/td><td>Sesion<\/td><td>Espec\u00edficas del servicio de chat de Oct8ne.<\/td><td>oct8ne<\/td><\/tr><\/tbody><\/table><\/figure>\n\n\n\n<h2>\u00bfQuien utiliza las Cookies?<\/h2>\n\n\n\n<p>Las cookies empleadas en esta p\u00e1gina web, son utilizadas por el responsable legal de esta p\u00e1gina web y por los siguientes servicios o proveedores de servicios:<\/p>\n\n\n\n<ul><li>Google Analytics: Es un servicio de anal\u00edtica web que utiliza cookies de an\u00e1lisis. Puede consultar la pol\u00edtica de privacidad de este servicio en esta direcci\u00f3n web. <a href=\"https:\/\/support.google.com\/analytics\/answer\/6004245?hl=es\" target=\"_blank\" rel=\"noreferrer noopener\">https:\/\/support.google.com\/analytics\/answer\/6004245?hl=es<\/a>.<\/li><li>Google Addwords: Estas Cookies recogen informaci\u00f3n sobre c\u00f3mo navega por nuestra web y qu\u00e9 secciones y productos visita para poder ofrecerle anuncios personalizados de nuestros productos en otros sitios webs a trav\u00e9s de la red publicitaria de Google AdWords. <a href=\"https:\/\/support.google.com\/adsense\/answer\/2839090?hl=es\" target=\"_blank\" rel=\"noreferrer noopener\">https:\/\/support.google.com\/adsense\/answer\/2839090?hl=es<\/a><\/li><li>Alexa metrics: Alexa utiliza tecnolog\u00eda de cookies para recopilar datos adicionales sobre uso del sitio web. <a href=\"http:\/\/www.alexa.com\/help\/privacy\" target=\"_blank\" rel=\"noreferrer noopener\">http:\/\/www.alexa.com\/help\/privacy<\/a><\/li><li>Oct8ne: Utiliza cookies para el servicio de chat. <a href=\"http:\/\/www.alexa.com\/help\/privacy\" target=\"_blank\" rel=\"noreferrer noopener\">https:\/\/oct8ne.com\/es\/politica-privacidad\/<\/a><\/li><li>Microsoft Advertising: Utiliza cookies para mostrar informaci\u00f3n publicitaria. <a href=\"http:\/\/www.alexa.com\/help\/privacy\" target=\"_blank\" rel=\"noreferrer noopener\">https:\/\/privacy.microsoft.com\/es-es\/privacystatement<\/a><\/li><li>Facebook Ads: Utiliza cookies para mostrar informaci\u00f3n publicitaria. <a href=\"http:\/\/www.alexa.com\/help\/privacy\" target=\"_blank\" rel=\"noreferrer noopener\">https:\/\/es-es.facebook.com\/privacy\/explanation#<\/a><\/li><li>Nosto: Servicios para ecommerce. <a href=\"http:\/\/www.alexa.com\/help\/privacy\" target=\"_blank\" rel=\"noreferrer noopener\">https:\/\/www.nosto.com\/data-privacy\/<\/a><\/li><\/ul>\n\n\n\n<h2>\u00bfComo puedo desactivar o eliminar las Cookies?<\/h2>\n\n\n\n<p>Puede permitir, bloquear o eliminar las cookies instaladas en su equipo mediante la configuraci\u00f3n de las opciones del navegador instalado en su ordenador. En los siguientes enlaces encontrar\u00e1 informaci\u00f3n adicional sobre las opciones de configuraci\u00f3n de las cookies en los distintos navegadores.<\/p>\n\n\n\n<ul><li>Internet Explorer: <a href=\"https:\/\/support.microsoft.com\/es-es\/help\/17442\/windows-internet-explorer-delete-manage-cookies\">https:\/\/support.microsoft.com\/es-es\/help\/17442\/windows-internet-explorer-delete-manage-cookies<\/a><\/li><li>Google Chrome: <a href=\"https:\/\/support.google.com\/chrome\/answer\/95647?hl=es\">https:\/\/support.google.com\/chrome\/answer\/95647?hl=es\u00a0<\/a><\/li><li>Firefox: <a href=\"https:\/\/support.mozilla.org\/es\/kb\/habilitar-y-deshabilitar-cookies-sitios-web-rastrear-preferencias?redirectlocale=es&amp;redirectslug=habilitar-y-deshabilitar-cookies-que-los-sitios-we\">https:\/\/support.mozilla.org\/es\/kb\/habilitar-y-deshabilitar-cookies-sitios-web-rastrear-preferencias?redirectlocale=es&amp;redirectslug=habilitar-y-deshabilitar-cookies-que-los-sitios-we<\/a><\/li><li>Safari: <a href=\"https:\/\/support.apple.com\/kb\/PH19214?viewlocale=es_ES&amp;locale=es_ES\">https:\/\/support.apple.com\/kb\/PH19214?viewlocale=es_ES&amp;locale=es_ES<\/a><\/li><li>Opera:\u00a0<a href=\"http:\/\/help.opera.com\/Windows\/11.50\/es-ES\/cookies.html\">http:\/\/help.opera.com\/Windows\/11.50\/es-ES\/cookies.html<\/a><\/li><\/ul>\n","protected":false},"excerpt":{"rendered":"<p>\u00bfQue son las Cookies? Una cookie es un fichero que se descarga en tu ordenador al acceder a determinadas p\u00e1ginas web. Las cookies permiten a una p\u00e1gina web, entre otras cosas, almacenar y recuperar informaci\u00f3n sobre los h\u00e1bitos de navegaci\u00f3n de un usuario o de su equipo, gestionar el acceso de usuarios a zonas restringidas [&hellip;]<\/p>\n","protected":false},"author":6,"featured_media":0,"parent":0,"menu_order":0,"comment_status":"closed","ping_status":"closed","template":"","meta":{"tdm_status":"","tdm_grid_status":""},"yoast_head":"<!-- This site is optimized with the Yoast SEO plugin v17.2 - https:\/\/yoast.com\/wordpress\/plugins\/seo\/ -->\n<meta name=\"robots\" content=\"index, follow, max-snippet:-1, max-image-preview:large, max-video-preview:-1\" \/>\n<link rel=\"canonical\" href=\"https:\/\/www.imosver.com\/blog\/politica-de-cookies\/\" \/>\n<meta property=\"og:locale\" content=\"es_ES\" \/>\n<meta property=\"og:type\" content=\"article\" \/>\n<meta property=\"og:title\" content=\"Pol\u00edtica de cookies - Blog imosver\" \/>\n<meta property=\"og:description\" content=\"\u00bfQue son las Cookies? Una cookie es un fichero que se descarga en tu ordenador al acceder a determinadas p\u00e1ginas web. Las cookies permiten a una p\u00e1gina web, entre otras cosas, almacenar y recuperar informaci\u00f3n sobre los h\u00e1bitos de navegaci\u00f3n de un usuario o de su equipo, gestionar el acceso de usuarios a zonas restringidas [&hellip;]\" \/>\n<meta property=\"og:url\" content=\"https:\/\/www.imosver.com\/blog\/politica-de-cookies\/\" \/>\n<meta property=\"og:site_name\" content=\"Blog imosver\" \/>\n<meta property=\"article:publisher\" content=\"https:\/\/www.facebook.com\/imosver\" \/>\n<meta property=\"article:modified_time\" content=\"2021-07-29T11:30:33+00:00\" \/>\n<meta name=\"twitter:card\" content=\"summary_large_image\" \/>\n<meta name=\"twitter:site\" content=\"@Imosver\" \/>\n<meta name=\"twitter:label1\" content=\"Tiempo de lectura\" \/>\n\t<meta name=\"twitter:data1\" content=\"4 minutos\" \/>\n<script type=\"application\/ld+json\" class=\"yoast-schema-graph\">{\"@context\":\"https:\/\/schema.org\",\"@graph\":[{\"@type\":\"Organization\",\"@id\":\"https:\/\/www.imosver.com\/blog\/#organization\",\"name\":\"Imosver\",\"url\":\"https:\/\/www.imosver.com\/blog\/\",\"sameAs\":[\"https:\/\/www.facebook.com\/imosver\",\"https:\/\/www.instagram.com\/imosver\/\",\"https:\/\/www.linkedin.com\/company\/3086458\/admin\/\",\"https:\/\/www.pinterest.es\/imosver\/\",\"https:\/\/twitter.com\/Imosver\"],\"logo\":{\"@type\":\"ImageObject\",\"@id\":\"https:\/\/www.imosver.com\/blog\/#logo\",\"inLanguage\":\"es\",\"url\":\"https:\/\/www.imosver.com\/blog\/wp-content\/uploads\/2026\/01\/logo.png\",\"contentUrl\":\"https:\/\/www.imosver.com\/blog\/wp-content\/uploads\/2026\/01\/logo.png\",\"width\":523,\"height\":120,\"caption\":\"Imosver\"},\"image\":{\"@id\":\"https:\/\/www.imosver.com\/blog\/#logo\"}},{\"@type\":\"WebSite\",\"@id\":\"https:\/\/www.imosver.com\/blog\/#website\",\"url\":\"https:\/\/www.imosver.com\/blog\/\",\"name\":\"Blog imosver\",\"description\":\"Blog Imosver\",\"publisher\":{\"@id\":\"https:\/\/www.imosver.com\/blog\/#organization\"},\"potentialAction\":[{\"@type\":\"SearchAction\",\"target\":{\"@type\":\"EntryPoint\",\"urlTemplate\":\"https:\/\/www.imosver.com\/blog\/?s={search_term_string}\"},\"query-input\":\"required name=search_term_string\"}],\"inLanguage\":\"es\"},{\"@type\":\"WebPage\",\"@id\":\"https:\/\/www.imosver.com\/blog\/politica-de-cookies\/#webpage\",\"url\":\"https:\/\/www.imosver.com\/blog\/politica-de-cookies\/\",\"name\":\"Pol\\u00edtica de cookies - Blog imosver\",\"isPartOf\":{\"@id\":\"https:\/\/www.imosver.com\/blog\/#website\"},\"datePublished\":\"2020-11-17T11:20:55+00:00\",\"dateModified\":\"2021-07-29T11:30:33+00:00\",\"breadcrumb\":{\"@id\":\"https:\/\/www.imosver.com\/blog\/politica-de-cookies\/#breadcrumb\"},\"inLanguage\":\"es\",\"potentialAction\":[{\"@type\":\"ReadAction\",\"target\":[\"https:\/\/www.imosver.com\/blog\/politica-de-cookies\/\"]}]},{\"@type\":\"BreadcrumbList\",\"@id\":\"https:\/\/www.imosver.com\/blog\/politica-de-cookies\/#breadcrumb\",\"itemListElement\":[{\"@type\":\"ListItem\",\"position\":1,\"name\":\"Portada\",\"item\":\"https:\/\/www.imosver.com\/blog\/\"},{\"@type\":\"ListItem\",\"position\":2,\"name\":\"Pol\\u00edtica de cookies\"}]}]}<\/script>\n<!-- \/ Yoast SEO plugin. -->","yoast_head_json":{"robots":{"index":"index","follow":"follow","max-snippet":"max-snippet:-1","max-image-preview":"max-image-preview:large","max-video-preview":"max-video-preview:-1"},"canonical":"https:\/\/www.imosver.com\/blog\/politica-de-cookies\/","og_locale":"es_ES","og_type":"article","og_title":"Pol\u00edtica de cookies - Blog imosver","og_description":"\u00bfQue son las Cookies? Una cookie es un fichero que se descarga en tu ordenador al acceder a determinadas p\u00e1ginas web. Las cookies permiten a una p\u00e1gina web, entre otras cosas, almacenar y recuperar informaci\u00f3n sobre los h\u00e1bitos de navegaci\u00f3n de un usuario o de su equipo, gestionar el acceso de usuarios a zonas restringidas [&hellip;]","og_url":"https:\/\/www.imosver.com\/blog\/politica-de-cookies\/","og_site_name":"Blog imosver","article_publisher":"https:\/\/www.facebook.com\/imosver","article_modified_time":"2021-07-29T11:30:33+00:00","twitter_card":"summary_large_image","twitter_site":"@Imosver","twitter_misc":{"Tiempo de lectura":"4 minutos"},"schema":{"@context":"https:\/\/schema.org","@graph":[{"@type":"Organization","@id":"https:\/\/www.imosver.com\/blog\/#organization","name":"Imosver","url":"https:\/\/www.imosver.com\/blog\/","sameAs":["https:\/\/www.facebook.com\/imosver","https:\/\/www.instagram.com\/imosver\/","https:\/\/www.linkedin.com\/company\/3086458\/admin\/","https:\/\/www.pinterest.es\/imosver\/","https:\/\/twitter.com\/Imosver"],"logo":{"@type":"ImageObject","@id":"https:\/\/www.imosver.com\/blog\/#logo","inLanguage":"es","url":"https:\/\/www.imosver.com\/blog\/wp-content\/uploads\/2026\/01\/logo.png","contentUrl":"https:\/\/www.imosver.com\/blog\/wp-content\/uploads\/2026\/01\/logo.png","width":523,"height":120,"caption":"Imosver"},"image":{"@id":"https:\/\/www.imosver.com\/blog\/#logo"}},{"@type":"WebSite","@id":"https:\/\/www.imosver.com\/blog\/#website","url":"https:\/\/www.imosver.com\/blog\/","name":"Blog imosver","description":"Blog Imosver","publisher":{"@id":"https:\/\/www.imosver.com\/blog\/#organization"},"potentialAction":[{"@type":"SearchAction","target":{"@type":"EntryPoint","urlTemplate":"https:\/\/www.imosver.com\/blog\/?s={search_term_string}"},"query-input":"required name=search_term_string"}],"inLanguage":"es"},{"@type":"WebPage","@id":"https:\/\/www.imosver.com\/blog\/politica-de-cookies\/#webpage","url":"https:\/\/www.imosver.com\/blog\/politica-de-cookies\/","name":"Pol\u00edtica de cookies - Blog imosver","isPartOf":{"@id":"https:\/\/www.imosver.com\/blog\/#website"},"datePublished":"2020-11-17T11:20:55+00:00","dateModified":"2021-07-29T11:30:33+00:00","breadcrumb":{"@id":"https:\/\/www.imosver.com\/blog\/politica-de-cookies\/#breadcrumb"},"inLanguage":"es","potentialAction":[{"@type":"ReadAction","target":["https:\/\/www.imosver.com\/blog\/politica-de-cookies\/"]}]},{"@type":"BreadcrumbList","@id":"https:\/\/www.imosver.com\/blog\/politica-de-cookies\/#breadcrumb","itemListElement":[{"@type":"ListItem","position":1,"name":"Portada","item":"https:\/\/www.imosver.com\/blog\/"},{"@type":"ListItem","position":2,"name":"Pol\u00edtica de cookies"}]}]}},"_links":{"self":[{"href":"https:\/\/www.imosver.com\/blog\/wp-json\/wp\/v2\/pages\/8101"}],"collection":[{"href":"https:\/\/www.imosver.com\/blog\/wp-json\/wp\/v2\/pages"}],"about":[{"href":"https:\/\/www.imosver.com\/blog\/wp-json\/wp\/v2\/types\/page"}],"author":[{"embeddable":true,"href":"https:\/\/www.imosver.com\/blog\/wp-json\/wp\/v2\/users\/6"}],"replies":[{"embeddable":true,"href":"https:\/\/www.imosver.com\/blog\/wp-json\/wp\/v2\/comments?post=8101"}],"version-history":[{"count":2,"href":"https:\/\/www.imosver.com\/blog\/wp-json\/wp\/v2\/pages\/8101\/revisions"}],"predecessor-version":[{"id":9094,"href":"https:\/\/www.imosver.com\/blog\/wp-json\/wp\/v2\/pages\/8101\/revisions\/9094"}],"wp:attachment":[{"href":"https:\/\/www.imosver.com\/blog\/wp-json\/wp\/v2\/media?parent=8101"}],"curies":[{"name":"wp","href":"https:\/\/api.w.org\/{rel}","templated":true}]}}